{"id":5957,"date":"2019-12-09T02:03:39","date_gmt":"2019-12-09T01:03:39","guid":{"rendered":"https:\/\/www.educoteam.rs\/wp\/?page_id=5957"},"modified":"2021-03-06T22:00:47","modified_gmt":"2021-03-06T21:00:47","slug":"o-nama","status":"publish","type":"page","link":"https:\/\/www.educoteam.rs\/wp\/o-nama\/","title":{"rendered":"O nama"},"content":{"rendered":"\t\t<div data-elementor-type=\"wp-page\" data-elementor-id=\"5957\" class=\"elementor elementor-5957\">\n\t\t\t\t\t\t<section class=\"elementor-section elementor-top-section elementor-element elementor-element-589e3baf elementor-section-boxed elementor-section-height-default elementor-section-height-default\" data-id=\"589e3baf\" data-element_type=\"section\" data-settings=\"{&quot;background_background&quot;:&quot;classic&quot;,&quot;shape_divider_bottom&quot;:&quot;curve&quot;,&quot;shape_divider_bottom_negative&quot;:&quot;yes&quot;}\">\n\t\t\t\t\t\t\t<div class=\"elementor-background-overlay\"><\/div>\n\t\t\t\t\t\t<div class=\"elementor-shape elementor-shape-bottom\" data-negative=\"true\">\n\t\t\t<svg xmlns=\"http:\/\/www.w3.org\/2000\/svg\" viewBox=\"0 0 1000 100\" preserveAspectRatio=\"none\">\n\t<path class=\"elementor-shape-fill\" d=\"M500,97C126.7,96.3,0.8,19.8,0,0v100l1000,0V1C1000,19.4,873.3,97.8,500,97z\"\/>\n<\/svg>\t\t<\/div>\n\t\t\t\t\t<div class=\"elementor-container elementor-column-gap-default\">\n\t\t\t\t\t<div class=\"elementor-column elementor-col-100 elementor-top-column elementor-element elementor-element-359eb1ff\" data-id=\"359eb1ff\" data-element_type=\"column\">\n\t\t\t<div class=\"elementor-widget-wrap elementor-element-populated\">\n\t\t\t\t\t\t<div class=\"elementor-element elementor-element-163ec00f elementor-widget elementor-widget-heading\" data-id=\"163ec00f\" data-element_type=\"widget\" data-widget_type=\"heading.default\">\n\t\t\t\t<div class=\"elementor-widget-container\">\n\t\t\t<h2 class=\"elementor-heading-title elementor-size-default\">O nama<\/h2>\t\t<\/div>\n\t\t\t\t<\/div>\n\t\t\t\t<div class=\"elementor-element elementor-element-45fadc82 elementor-widget-divider--view-line elementor-widget elementor-widget-divider\" data-id=\"45fadc82\" data-element_type=\"widget\" data-widget_type=\"divider.default\">\n\t\t\t\t<div class=\"elementor-widget-container\">\n\t\t\t\t\t<div class=\"elementor-divider\">\n\t\t\t<span class=\"elementor-divider-separator\">\n\t\t\t\t\t\t<\/span>\n\t\t<\/div>\n\t\t\t\t<\/div>\n\t\t\t\t<\/div>\n\t\t\t\t<div class=\"elementor-element elementor-element-6908ab69 elementor-widget elementor-widget-text-editor\" data-id=\"6908ab69\" data-element_type=\"widget\" data-widget_type=\"text-editor.default\">\n\t\t\t\t<div class=\"elementor-widget-container\">\n\t\t\t\t\t\t\t<p>Uspeh ne dolazi sam po sebi. Tajna na\u0161eg uspeha le\u017ei u posebnoj pa\u017enji koju posve\u0107ujemo svakom u\u010desniku i njegovim \u017eeljama, zahtevima i potrebama.<\/p>\t\t\t\t\t\t<\/div>\n\t\t\t\t<\/div>\n\t\t\t\t\t<\/div>\n\t\t<\/div>\n\t\t\t\t\t<\/div>\n\t\t<\/section>\n\t\t\t\t<section class=\"elementor-section elementor-top-section elementor-element elementor-element-29474899 elementor-section-boxed elementor-section-height-default elementor-section-height-default\" data-id=\"29474899\" data-element_type=\"section\" data-settings=\"{&quot;background_background&quot;:&quot;classic&quot;}\">\n\t\t\t\t\t\t<div class=\"elementor-container elementor-column-gap-wide\">\n\t\t\t\t\t<div class=\"elementor-column elementor-col-100 elementor-top-column elementor-element elementor-element-6d809768\" data-id=\"6d809768\" data-element_type=\"column\">\n\t\t\t<div class=\"elementor-widget-wrap elementor-element-populated\">\n\t\t\t\t\t\t<div class=\"elementor-element elementor-element-28114df5 elementor-widget elementor-widget-heading\" data-id=\"28114df5\" data-element_type=\"widget\" data-widget_type=\"heading.default\">\n\t\t\t\t<div class=\"elementor-widget-container\">\n\t\t\t<h3 class=\"elementor-heading-title elementor-size-default\">Na\u0161a pri\u010da<\/h3>\t\t<\/div>\n\t\t\t\t<\/div>\n\t\t\t\t<div class=\"elementor-element elementor-element-262f5aa elementor-widget elementor-widget-text-editor\" data-id=\"262f5aa\" data-element_type=\"widget\" data-widget_type=\"text-editor.default\">\n\t\t\t\t<div class=\"elementor-widget-container\">\n\t\t\t\t\t\t\t<p>Po\u010deli smo davne 1981. godine. Prve generacije na\u0161ih u\u010denika danas su zreli, uspe\u0161ni ljudi. Sa mnogima od njih i danas smo u kontaktu, a sada sa nama putuju i u\u010de njihova deca. Uz mladost i entuzijazam, kao i dugogodi\u0161nje iskustvo, razvijali smo svoju ponudu i danas sa ponosom mo\u017eemo re\u0107i da smo stekli izuzetno poverenje, toliko va\u017eno u poslu kojim se bavimo.<\/p>\t\t\t\t\t\t<\/div>\n\t\t\t\t<\/div>\n\t\t\t\t<div class=\"elementor-element elementor-element-392f4bc elementor-widget elementor-widget-text-editor\" data-id=\"392f4bc\" data-element_type=\"widget\" data-widget_type=\"text-editor.default\">\n\t\t\t\t<div class=\"elementor-widget-container\">\n\t\t\t\t\t\t\t<p>Dobar i pravilan izbor \u0161kole, naro\u010dito kada se radi o upisu na fakultet ili srednju \u0161kolu, sigurno je jedna od najva\u017enijih odluka u \u017eivotu. Za nas u Educoteam-u, svaki kandidat zahteva poseban pristup. Dovoljno smo mali da svakom u\u010deniku ili studentu i njegovim specifi\u010dnim zahtevima poklonimo posebnu pa\u017enju, ali i dovoljno veliki da Vam ponudimo veliki i pravi izbor \u0161kola. \u0160kole sa kojima sara\u0111ujemo imaju izuzetno dugu tradiciju a kvalitet usluga koje pru\u017eaju je na najvi\u0161em nivou. To pokazuju i najnoviji izve\u0161taji i ocene British Council-a po kojima se dve \u0161kole iz na\u0161e ponude nalaze na prvom mestu&nbsp;<a href=\"https:\/\/www.educoteam.rs\/wp\/wp-content\/uploads\/2020\/01\/WIMLEDON-SCHOOL-OF-ENGLISH.pdf\" target=\"_blank\" rel=\"noopener\">Wimbledon School of English<\/a> ( seniori ) i<a href=\"https:\/\/www.educoteam.rs\/wp\/wp-content\/uploads\/2020\/01\/ST-EDMUNDS-COLLEGE1.pdf\" target=\"_blank\" rel=\"noopener\"> St Edmund\u2019s College<\/a> ( juniori i tinejd\u017eeri ). \u0160kola <a href=\"https:\/\/www.educoteam.rs\/wp\/wp-content\/uploads\/2020\/01\/ST-CLARES-OXFORD1.pdf\" target=\"_blank\" rel=\"noopener\">St. Clare\u2019s Oxford <\/a>( IB program ) dobila je najvi\u0161u ocenu od strane nezavisnog inspektorata , ISI, za kategoriju \u0161kolovanja.<b> <\/b><\/p>\t\t\t\t\t\t<\/div>\n\t\t\t\t<\/div>\n\t\t\t\t<div class=\"elementor-element elementor-element-bedaa47 elementor-widget elementor-widget-text-editor\" data-id=\"bedaa47\" data-element_type=\"widget\" data-widget_type=\"text-editor.default\">\n\t\t\t\t<div class=\"elementor-widget-container\">\n\t\t\t\t\t\t\t<p>Podse\u0107amo Vas da na stranici <a href=\"https:\/\/www.educoteam.rs\/wp\/nasi-partneri\/\" target=\"_blank\" rel=\"noopener\">na\u0161i partneri <\/a>mo\u017eete na\u0107i listu na\u0161ih partnera u zemlji i inostranstvu i ukoliko Vam je to jednostavnije ili bli\u017ee, obratiti se njima za savet i pomo\u0107. Svi oni zajedno sa nama \u010dine jedan veliki TEAM koji vodi brigu o svakom detalju pa otuda i simboli\u010dan naziv na\u0161e organizacije EDUCOTEAM.<\/p>\t\t\t\t\t\t<\/div>\n\t\t\t\t<\/div>\n\t\t\t\t<div class=\"elementor-element elementor-element-e527dda elementor-widget elementor-widget-button\" data-id=\"e527dda\" data-element_type=\"widget\" data-widget_type=\"button.default\">\n\t\t\t\t<div class=\"elementor-widget-container\">\n\t\t\t\t\t<div class=\"elementor-button-wrapper\">\n\t\t\t<a class=\"elementor-button elementor-button-link elementor-size-sm\" href=\"https:\/\/www.educoteam.rs\/wp\/klijenti-o-nama\/\">\n\t\t\t\t\t\t<span class=\"elementor-button-content-wrapper\">\n\t\t\t\t\t\t\t\t\t<span class=\"elementor-button-text\">Na\u0161i klijenti o nama\u200b<\/span>\n\t\t\t\t\t<\/span>\n\t\t\t\t\t<\/a>\n\t\t<\/div>\n\t\t\t\t<\/div>\n\t\t\t\t<\/div>\n\t\t\t\t<div class=\"elementor-element elementor-element-4513fc5 elementor-widget elementor-widget-text-editor\" data-id=\"4513fc5\" data-element_type=\"widget\" data-widget_type=\"text-editor.default\">\n\t\t\t\t<div class=\"elementor-widget-container\">\n\t\t\t\t\t\t\t<p><b>S po\u0161tovanjem,<br \/>Biljana Nikoli\u0107 Serpak<\/b><br \/><em>Direktor<\/em><\/p>\t\t\t\t\t\t<\/div>\n\t\t\t\t<\/div>\n\t\t\t\t\t<\/div>\n\t\t<\/div>\n\t\t\t\t\t<\/div>\n\t\t<\/section>\n\t\t\t\t<section class=\"elementor-section elementor-top-section elementor-element elementor-element-3cc6349 elementor-section-boxed elementor-section-height-default elementor-section-height-default\" data-id=\"3cc6349\" data-element_type=\"section\">\n\t\t\t\t\t\t<div class=\"elementor-container elementor-column-gap-default\">\n\t\t\t\t\t<div class=\"elementor-column elementor-col-50 elementor-top-column elementor-element elementor-element-06d4813\" data-id=\"06d4813\" data-element_type=\"column\">\n\t\t\t<div class=\"elementor-widget-wrap elementor-element-populated\">\n\t\t\t\t\t\t<div class=\"elementor-element elementor-element-03bd24c elementor-widget elementor-widget-image\" data-id=\"03bd24c\" data-element_type=\"widget\" data-widget_type=\"image.default\">\n\t\t\t\t<div class=\"elementor-widget-container\">\n\t\t\t\t\t\t\t\t\t\t\t\t\t<img decoding=\"async\" width=\"170\" height=\"198\" src=\"https:\/\/www.educoteam.rs\/wp\/wp-content\/uploads\/2014\/09\/biljana-nikolic-serpak1.jpg\" class=\"attachment-full size-full wp-image-2156\" alt=\"\" \/>\t\t\t\t\t\t\t\t\t\t\t\t\t<\/div>\n\t\t\t\t<\/div>\n\t\t\t\t\t<\/div>\n\t\t<\/div>\n\t\t\t\t<div class=\"elementor-column elementor-col-50 elementor-top-column elementor-element elementor-element-9f66808\" data-id=\"9f66808\" data-element_type=\"column\">\n\t\t\t<div class=\"elementor-widget-wrap elementor-element-populated\">\n\t\t\t\t\t\t<div class=\"elementor-element elementor-element-0776072 elementor-widget elementor-widget-image\" data-id=\"0776072\" data-element_type=\"widget\" data-widget_type=\"image.default\">\n\t\t\t\t<div class=\"elementor-widget-container\">\n\t\t\t\t\t\t\t\t\t\t\t\t\t<img fetchpriority=\"high\" decoding=\"async\" width=\"688\" height=\"170\" src=\"https:\/\/www.educoteam.rs\/wp\/wp-content\/uploads\/2019\/12\/signature.gif\" class=\"attachment-full size-full wp-image-5974\" alt=\"\" \/>\t\t\t\t\t\t\t\t\t\t\t\t\t<\/div>\n\t\t\t\t<\/div>\n\t\t\t\t\t<\/div>\n\t\t<\/div>\n\t\t\t\t\t<\/div>\n\t\t<\/section>\n\t\t\t\t<section class=\"elementor-section elementor-top-section elementor-element elementor-element-0583bcd elementor-section-boxed elementor-section-height-default elementor-section-height-default\" data-id=\"0583bcd\" data-element_type=\"section\">\n\t\t\t\t\t\t<div class=\"elementor-container elementor-column-gap-default\">\n\t\t\t\t\t<div class=\"elementor-column elementor-col-100 elementor-top-column elementor-element elementor-element-79b58a7\" data-id=\"79b58a7\" data-element_type=\"column\">\n\t\t\t<div class=\"elementor-widget-wrap elementor-element-populated\">\n\t\t\t\t\t\t<div class=\"elementor-element elementor-element-f712efe elementor-widget elementor-widget-spacer\" data-id=\"f712efe\" data-element_type=\"widget\" data-widget_type=\"spacer.default\">\n\t\t\t\t<div class=\"elementor-widget-container\">\n\t\t\t\t\t<div class=\"elementor-spacer\">\n\t\t\t<div class=\"elementor-spacer-inner\"><\/div>\n\t\t<\/div>\n\t\t\t\t<\/div>\n\t\t\t\t<\/div>\n\t\t\t\t\t<\/div>\n\t\t<\/div>\n\t\t\t\t\t<\/div>\n\t\t<\/section>\n\t\t\t\t<\/div>\n\t\t","protected":false},"excerpt":{"rendered":"<p>O nama Uspeh ne dolazi sam po sebi. Tajna na\u0161eg uspeha le\u017ei u posebnoj pa\u017enji koju posve\u0107ujemo svakom u\u010desniku i njegovim \u017eeljama, zahtevima i potrebama. Na\u0161a pri\u010da Po\u010deli smo davne 1981. godine. Prve generacije na\u0161ih u\u010denika danas su zreli, uspe\u0161ni ljudi. Sa mnogima od njih i danas smo u kontaktu, a sada sa nama putuju i u\u010de njihova deca. Uz mladost i entuzijazam, kao i dugogodi\u0161nje iskustvo, razvijali smo svoju ponudu i danas sa ponosom [&hellip;]<\/p>\n","protected":false},"author":1,"featured_media":0,"parent":0,"menu_order":0,"comment_status":"closed","ping_status":"closed","template":"","meta":{"_monsterinsights_skip_tracking":false,"_monsterinsights_sitenote_active":false,"_monsterinsights_sitenote_note":"","_monsterinsights_sitenote_category":0,"ocean_post_layout":"full-width","ocean_both_sidebars_style":"","ocean_both_sidebars_content_width":0,"ocean_both_sidebars_sidebars_width":0,"ocean_sidebar":"0","ocean_second_sidebar":"0","ocean_disable_margins":"enable","ocean_add_body_class":"","ocean_shortcode_before_top_bar":"","ocean_shortcode_after_top_bar":"","ocean_shortcode_before_header":"","ocean_shortcode_after_header":"","ocean_has_shortcode":"","ocean_shortcode_after_title":"","ocean_shortcode_before_footer_widgets":"","ocean_shortcode_after_footer_widgets":"","ocean_shortcode_before_footer_bottom":"","ocean_shortcode_after_footer_bottom":"","ocean_display_top_bar":"default","ocean_display_header":"default","ocean_header_style":"","ocean_center_header_left_menu":"0","ocean_custom_header_template":"0","ocean_custom_logo":0,"ocean_custom_retina_logo":0,"ocean_custom_logo_max_width":0,"ocean_custom_logo_tablet_max_width":0,"ocean_custom_logo_mobile_max_width":0,"ocean_custom_logo_max_height":0,"ocean_custom_logo_tablet_max_height":0,"ocean_custom_logo_mobile_max_height":0,"ocean_header_custom_menu":"0","ocean_menu_typo_font_family":"0","ocean_menu_typo_font_subset":"","ocean_menu_typo_font_size":0,"ocean_menu_typo_font_size_tablet":0,"ocean_menu_typo_font_size_mobile":0,"ocean_menu_typo_font_size_unit":"px","ocean_menu_typo_font_weight":"","ocean_menu_typo_font_weight_tablet":"","ocean_menu_typo_font_weight_mobile":"","ocean_menu_typo_transform":"","ocean_menu_typo_transform_tablet":"","ocean_menu_typo_transform_mobile":"","ocean_menu_typo_line_height":0,"ocean_menu_typo_line_height_tablet":0,"ocean_menu_typo_line_height_mobile":0,"ocean_menu_typo_line_height_unit":"","ocean_menu_typo_spacing":0,"ocean_menu_typo_spacing_tablet":0,"ocean_menu_typo_spacing_mobile":0,"ocean_menu_typo_spacing_unit":"","ocean_menu_link_color":"","ocean_menu_link_color_hover":"","ocean_menu_link_color_active":"","ocean_menu_link_background":"","ocean_menu_link_hover_background":"","ocean_menu_link_active_background":"","ocean_menu_social_links_bg":"","ocean_menu_social_hover_links_bg":"","ocean_menu_social_links_color":"","ocean_menu_social_hover_links_color":"","ocean_disable_title":"on","ocean_disable_heading":"default","ocean_post_title":"","ocean_post_subheading":"","ocean_post_title_style":"","ocean_post_title_background_color":"","ocean_post_title_background":0,"ocean_post_title_bg_image_position":"","ocean_post_title_bg_image_attachment":"","ocean_post_title_bg_image_repeat":"","ocean_post_title_bg_image_size":"","ocean_post_title_height":0,"ocean_post_title_bg_overlay":0.5,"ocean_post_title_bg_overlay_color":"","ocean_disable_breadcrumbs":"default","ocean_breadcrumbs_color":"","ocean_breadcrumbs_separator_color":"","ocean_breadcrumbs_links_color":"","ocean_breadcrumbs_links_hover_color":"","ocean_display_footer_widgets":"default","ocean_display_footer_bottom":"default","ocean_custom_footer_template":"0","footnotes":""},"class_list":["post-5957","page","type-page","status-publish","hentry","entry"],"yoast_head":"<!-- This site is optimized with the Yoast SEO plugin v23.1 - https:\/\/yoast.com\/wordpress\/plugins\/seo\/ -->\n<title>O nama - EducoTeam<\/title>\n<meta name=\"robots\" content=\"index, follow, max-snippet:-1, max-image-preview:large, max-video-preview:-1\" \/>\n<link rel=\"canonical\" href=\"https:\/\/www.educoteam.rs\/wp\/o-nama\/\" \/>\n<meta property=\"og:locale\" content=\"en_US\" \/>\n<meta property=\"og:type\" content=\"article\" \/>\n<meta property=\"og:title\" content=\"O nama - EducoTeam\" \/>\n<meta property=\"og:description\" content=\"O nama Uspeh ne dolazi sam po sebi. Tajna na\u0161eg uspeha le\u017ei u posebnoj pa\u017enji koju posve\u0107ujemo svakom u\u010desniku i njegovim \u017eeljama, zahtevima i potrebama. Na\u0161a pri\u010da Po\u010deli smo davne 1981. godine. Prve generacije na\u0161ih u\u010denika danas su zreli, uspe\u0161ni ljudi. Sa mnogima od njih i danas smo u kontaktu, a sada sa nama putuju i u\u010de njihova deca. Uz mladost i entuzijazam, kao i dugogodi\u0161nje iskustvo, razvijali smo svoju ponudu i danas sa ponosom [&hellip;]\" \/>\n<meta property=\"og:url\" content=\"https:\/\/www.educoteam.rs\/wp\/o-nama\/\" \/>\n<meta property=\"og:site_name\" content=\"EducoTeam\" \/>\n<meta property=\"article:modified_time\" content=\"2021-03-06T21:00:47+00:00\" \/>\n<meta property=\"og:image\" content=\"https:\/\/www.educoteam.rs\/wp\/wp-content\/uploads\/2014\/09\/biljana-nikolic-serpak1.jpg\" \/>\n<meta name=\"twitter:card\" content=\"summary_large_image\" \/>\n<meta name=\"twitter:label1\" content=\"Est. reading time\" \/>\n\t<meta name=\"twitter:data1\" content=\"2 minutes\" \/>\n<script type=\"application\/ld+json\" class=\"yoast-schema-graph\">{\"@context\":\"https:\/\/schema.org\",\"@graph\":[{\"@type\":\"WebPage\",\"@id\":\"https:\/\/www.educoteam.rs\/wp\/o-nama\/\",\"url\":\"https:\/\/www.educoteam.rs\/wp\/o-nama\/\",\"name\":\"O nama - EducoTeam\",\"isPartOf\":{\"@id\":\"https:\/\/www.educoteam.rs\/wp\/#website\"},\"primaryImageOfPage\":{\"@id\":\"https:\/\/www.educoteam.rs\/wp\/o-nama\/#primaryimage\"},\"image\":{\"@id\":\"https:\/\/www.educoteam.rs\/wp\/o-nama\/#primaryimage\"},\"thumbnailUrl\":\"https:\/\/www.educoteam.rs\/wp\/wp-content\/uploads\/2014\/09\/biljana-nikolic-serpak1.jpg\",\"datePublished\":\"2019-12-09T01:03:39+00:00\",\"dateModified\":\"2021-03-06T21:00:47+00:00\",\"breadcrumb\":{\"@id\":\"https:\/\/www.educoteam.rs\/wp\/o-nama\/#breadcrumb\"},\"inLanguage\":\"en-US\",\"potentialAction\":[{\"@type\":\"ReadAction\",\"target\":[\"https:\/\/www.educoteam.rs\/wp\/o-nama\/\"]}]},{\"@type\":\"ImageObject\",\"inLanguage\":\"en-US\",\"@id\":\"https:\/\/www.educoteam.rs\/wp\/o-nama\/#primaryimage\",\"url\":\"https:\/\/www.educoteam.rs\/wp\/wp-content\/uploads\/2014\/09\/biljana-nikolic-serpak1.jpg\",\"contentUrl\":\"https:\/\/www.educoteam.rs\/wp\/wp-content\/uploads\/2014\/09\/biljana-nikolic-serpak1.jpg\",\"width\":170,\"height\":198},{\"@type\":\"BreadcrumbList\",\"@id\":\"https:\/\/www.educoteam.rs\/wp\/o-nama\/#breadcrumb\",\"itemListElement\":[{\"@type\":\"ListItem\",\"position\":1,\"name\":\"Home\",\"item\":\"https:\/\/www.educoteam.rs\/wp\/\"},{\"@type\":\"ListItem\",\"position\":2,\"name\":\"O nama\"}]},{\"@type\":\"WebSite\",\"@id\":\"https:\/\/www.educoteam.rs\/wp\/#website\",\"url\":\"https:\/\/www.educoteam.rs\/wp\/\",\"name\":\"EducoTeam\",\"description\":\"U\u010denje stranih jezika u inostranstvu\",\"publisher\":{\"@id\":\"https:\/\/www.educoteam.rs\/wp\/#organization\"},\"potentialAction\":[{\"@type\":\"SearchAction\",\"target\":{\"@type\":\"EntryPoint\",\"urlTemplate\":\"https:\/\/www.educoteam.rs\/wp\/?s={search_term_string}\"},\"query-input\":\"required name=search_term_string\"}],\"inLanguage\":\"en-US\"},{\"@type\":\"Organization\",\"@id\":\"https:\/\/www.educoteam.rs\/wp\/#organization\",\"name\":\"EducoTeam\",\"url\":\"https:\/\/www.educoteam.rs\/wp\/\",\"logo\":{\"@type\":\"ImageObject\",\"inLanguage\":\"en-US\",\"@id\":\"https:\/\/www.educoteam.rs\/wp\/#\/schema\/logo\/image\/\",\"url\":\"https:\/\/www.educoteam.rs\/wp\/wp-content\/uploads\/2014\/09\/cropped-educo-team-logo.png\",\"contentUrl\":\"https:\/\/www.educoteam.rs\/wp\/wp-content\/uploads\/2014\/09\/cropped-educo-team-logo.png\",\"width\":127,\"height\":95,\"caption\":\"EducoTeam\"},\"image\":{\"@id\":\"https:\/\/www.educoteam.rs\/wp\/#\/schema\/logo\/image\/\"}}]}<\/script>\n<!-- \/ Yoast SEO plugin. -->","yoast_head_json":{"title":"O nama - EducoTeam","robots":{"index":"index","follow":"follow","max-snippet":"max-snippet:-1","max-image-preview":"max-image-preview:large","max-video-preview":"max-video-preview:-1"},"canonical":"https:\/\/www.educoteam.rs\/wp\/o-nama\/","og_locale":"en_US","og_type":"article","og_title":"O nama - EducoTeam","og_description":"O nama Uspeh ne dolazi sam po sebi. Tajna na\u0161eg uspeha le\u017ei u posebnoj pa\u017enji koju posve\u0107ujemo svakom u\u010desniku i njegovim \u017eeljama, zahtevima i potrebama. Na\u0161a pri\u010da Po\u010deli smo davne 1981. godine. Prve generacije na\u0161ih u\u010denika danas su zreli, uspe\u0161ni ljudi. Sa mnogima od njih i danas smo u kontaktu, a sada sa nama putuju i u\u010de njihova deca. Uz mladost i entuzijazam, kao i dugogodi\u0161nje iskustvo, razvijali smo svoju ponudu i danas sa ponosom [&hellip;]","og_url":"https:\/\/www.educoteam.rs\/wp\/o-nama\/","og_site_name":"EducoTeam","article_modified_time":"2021-03-06T21:00:47+00:00","og_image":[{"url":"https:\/\/www.educoteam.rs\/wp\/wp-content\/uploads\/2014\/09\/biljana-nikolic-serpak1.jpg"}],"twitter_card":"summary_large_image","twitter_misc":{"Est. reading time":"2 minutes"},"schema":{"@context":"https:\/\/schema.org","@graph":[{"@type":"WebPage","@id":"https:\/\/www.educoteam.rs\/wp\/o-nama\/","url":"https:\/\/www.educoteam.rs\/wp\/o-nama\/","name":"O nama - EducoTeam","isPartOf":{"@id":"https:\/\/www.educoteam.rs\/wp\/#website"},"primaryImageOfPage":{"@id":"https:\/\/www.educoteam.rs\/wp\/o-nama\/#primaryimage"},"image":{"@id":"https:\/\/www.educoteam.rs\/wp\/o-nama\/#primaryimage"},"thumbnailUrl":"https:\/\/www.educoteam.rs\/wp\/wp-content\/uploads\/2014\/09\/biljana-nikolic-serpak1.jpg","datePublished":"2019-12-09T01:03:39+00:00","dateModified":"2021-03-06T21:00:47+00:00","breadcrumb":{"@id":"https:\/\/www.educoteam.rs\/wp\/o-nama\/#breadcrumb"},"inLanguage":"en-US","potentialAction":[{"@type":"ReadAction","target":["https:\/\/www.educoteam.rs\/wp\/o-nama\/"]}]},{"@type":"ImageObject","inLanguage":"en-US","@id":"https:\/\/www.educoteam.rs\/wp\/o-nama\/#primaryimage","url":"https:\/\/www.educoteam.rs\/wp\/wp-content\/uploads\/2014\/09\/biljana-nikolic-serpak1.jpg","contentUrl":"https:\/\/www.educoteam.rs\/wp\/wp-content\/uploads\/2014\/09\/biljana-nikolic-serpak1.jpg","width":170,"height":198},{"@type":"BreadcrumbList","@id":"https:\/\/www.educoteam.rs\/wp\/o-nama\/#breadcrumb","itemListElement":[{"@type":"ListItem","position":1,"name":"Home","item":"https:\/\/www.educoteam.rs\/wp\/"},{"@type":"ListItem","position":2,"name":"O nama"}]},{"@type":"WebSite","@id":"https:\/\/www.educoteam.rs\/wp\/#website","url":"https:\/\/www.educoteam.rs\/wp\/","name":"EducoTeam","description":"U\u010denje stranih jezika u inostranstvu","publisher":{"@id":"https:\/\/www.educoteam.rs\/wp\/#organization"},"potentialAction":[{"@type":"SearchAction","target":{"@type":"EntryPoint","urlTemplate":"https:\/\/www.educoteam.rs\/wp\/?s={search_term_string}"},"query-input":"required name=search_term_string"}],"inLanguage":"en-US"},{"@type":"Organization","@id":"https:\/\/www.educoteam.rs\/wp\/#organization","name":"EducoTeam","url":"https:\/\/www.educoteam.rs\/wp\/","logo":{"@type":"ImageObject","inLanguage":"en-US","@id":"https:\/\/www.educoteam.rs\/wp\/#\/schema\/logo\/image\/","url":"https:\/\/www.educoteam.rs\/wp\/wp-content\/uploads\/2014\/09\/cropped-educo-team-logo.png","contentUrl":"https:\/\/www.educoteam.rs\/wp\/wp-content\/uploads\/2014\/09\/cropped-educo-team-logo.png","width":127,"height":95,"caption":"EducoTeam"},"image":{"@id":"https:\/\/www.educoteam.rs\/wp\/#\/schema\/logo\/image\/"}}]}},"_links":{"self":[{"href":"https:\/\/www.educoteam.rs\/wp\/wp-json\/wp\/v2\/pages\/5957"}],"collection":[{"href":"https:\/\/www.educoteam.rs\/wp\/wp-json\/wp\/v2\/pages"}],"about":[{"href":"https:\/\/www.educoteam.rs\/wp\/wp-json\/wp\/v2\/types\/page"}],"author":[{"embeddable":true,"href":"https:\/\/www.educoteam.rs\/wp\/wp-json\/wp\/v2\/users\/1"}],"replies":[{"embeddable":true,"href":"https:\/\/www.educoteam.rs\/wp\/wp-json\/wp\/v2\/comments?post=5957"}],"version-history":[{"count":0,"href":"https:\/\/www.educoteam.rs\/wp\/wp-json\/wp\/v2\/pages\/5957\/revisions"}],"wp:attachment":[{"href":"https:\/\/www.educoteam.rs\/wp\/wp-json\/wp\/v2\/media?parent=5957"}],"curies":[{"name":"wp","href":"https:\/\/api.w.org\/{rel}","templated":true}]}}